{"id":24,"date":"2017-06-09T20:10:22","date_gmt":"2017-06-09T20:10:22","guid":{"rendered":"http:\/\/podlavice.fara.sk\/wp\/?page_id=24"},"modified":"2019-07-14T20:09:47","modified_gmt":"2019-07-14T20:09:47","slug":"farsky-kalendar","status":"publish","type":"page","link":"https:\/\/podlavice.fara.sk\/wp\/farske-tlacoviny\/farsky-kalendar\/","title":{"rendered":"N\u00e1stenn\u00fd kalend\u00e1r"},"content":{"rendered":"<p>Farnos\u0165 vyd\u00e1va n\u00e1stenn\u00fd kalend\u00e1r, ktor\u00fd pozost\u00e1va z 12 listov. Na ka\u017edom s\u00fa pri d\u0148och v kalend\u00e1ri uveden\u00e9 men\u00e1, cirkevn\u00e9 a \u0161t\u00e1tne sviatky, inform\u00e1cie z hist\u00f3rie a pr\u00edpadn\u00e1 inform\u00e1cia o podujat\u00ed, ktor\u00fd sa bude ten de\u0148 vo&nbsp;farnosti kona\u0165. Kalend\u00e1r je mo\u017en\u00e9 zak\u00fapi\u0165 aj ako dar\u010dek pre priate\u013eov a zn\u00e1mych. Jeho cena je 5\u20ac.<\/p>\n<h4>Rok 2019 (obr\u00e1zok titulky):<\/h4>\n<p>&nbsp;<br \/>\n<img decoding=\"async\"  src=\"http:\/\/podlavice.fara.sk\/wp\/wp-content\/uploads\/kalendar2019.png\"><br \/>\n&nbsp;<\/p>\n<h4>Star\u0161ie ro\u010dn\u00edky (obr\u00e1zky titulky):<\/h4>\n<p><a rel=\"lightbox\" href=\"http:\/\/podlavice.fara.sk\/wp\/wp-content\/uploads\/2017\/12\/kalendar2018.jpg\"><img decoding=\"async\"  width=\"140\" class=\"alignleft\" src=\"http:\/\/podlavice.fara.sk\/wp\/wp-content\/uploads\/2017\/12\/kalendar2018-n.jpg\"><\/a><\/p>\n<p><img decoding=\"async\" width=\"140\" class=\"alignleft\" src=\"http:\/\/podlavice.fara.sk\/wp\/wp-content\/uploads\/2017\/06\/kalendar-BB_Podlavice_2017.png\"><\/p>\n<p><a rel=\"lightbox\" href=\"http:\/\/podlavice.fara.sk\/joomla\/images\/kalendar2012.jpg\"><img decoding=\"async\" width=\"140\" class=\"alignleft\" src=\"http:\/\/podlavice.fara.sk\/joomla\/images\/kalendar2012-n.jpg\"><\/a><\/p>\n<p><a rel=\"lightbox\" href=\"http:\/\/podlavice.fara.sk\/joomla\/images\/kalendar2011.jpg\"><img decoding=\"async\" width=\"140\" class=\"alignleft\" src=\"http:\/\/podlavice.fara.sk\/joomla\/images\/kalendar2011-n.jpg\"><\/a><\/p>\n","protected":false},"excerpt":{"rendered":"<p>Farnos\u0165 vyd\u00e1va n\u00e1stenn\u00fd kalend\u00e1r, ktor\u00fd pozost\u00e1va z 12 listov. Na ka\u017edom s\u00fa pri d\u0148och v kalend\u00e1ri uveden\u00e9 men\u00e1, cirkevn\u00e9 a \u0161t\u00e1tne sviatky, inform\u00e1cie z hist\u00f3rie a pr\u00edpadn\u00e1 inform\u00e1cia o podujat\u00ed, ktor\u00fd sa bude ten de\u0148 vo&nbsp;farnosti kona\u0165. Kalend\u00e1r je mo\u017en\u00e9&#8230;<br \/><a class=\"read-more-button\" href=\"https:\/\/podlavice.fara.sk\/wp\/farske-tlacoviny\/farsky-kalendar\/\">\u010c\u00edta\u0165 viac<\/a><\/p>\n","protected":false},"author":1,"featured_media":0,"parent":20,"menu_order":0,"comment_status":"closed","ping_status":"closed","template":"","meta":{"footnotes":""},"_links":{"self":[{"href":"https:\/\/podlavice.fara.sk\/wp\/wp-json\/wp\/v2\/pages\/24"}],"collection":[{"href":"https:\/\/podlavice.fara.sk\/wp\/wp-json\/wp\/v2\/pages"}],"about":[{"href":"https:\/\/podlavice.fara.sk\/wp\/wp-json\/wp\/v2\/types\/page"}],"author":[{"embeddable":true,"href":"https:\/\/podlavice.fara.sk\/wp\/wp-json\/wp\/v2\/users\/1"}],"replies":[{"embeddable":true,"href":"https:\/\/podlavice.fara.sk\/wp\/wp-json\/wp\/v2\/comments?post=24"}],"version-history":[{"count":32,"href":"https:\/\/podlavice.fara.sk\/wp\/wp-json\/wp\/v2\/pages\/24\/revisions"}],"predecessor-version":[{"id":1955,"href":"https:\/\/podlavice.fara.sk\/wp\/wp-json\/wp\/v2\/pages\/24\/revisions\/1955"}],"up":[{"embeddable":true,"href":"https:\/\/podlavice.fara.sk\/wp\/wp-json\/wp\/v2\/pages\/20"}],"wp:attachment":[{"href":"https:\/\/podlavice.fara.sk\/wp\/wp-json\/wp\/v2\/media?parent=24"}],"curies":[{"name":"wp","href":"https:\/\/api.w.org\/{rel}","templated":true}]}}