{"id":1582,"date":"2019-01-10T20:54:43","date_gmt":"2019-01-10T20:54:43","guid":{"rendered":"http:\/\/podlavice.fara.sk\/wp\/?page_id=1582"},"modified":"2019-12-16T20:54:38","modified_gmt":"2019-12-16T20:54:38","slug":"rok-2019","status":"publish","type":"page","link":"https:\/\/podlavice.fara.sk\/wp\/fotogaleria\/rok-2019\/","title":{"rendered":"Rok 2019"},"content":{"rendered":"<p>&nbsp;<\/p>\n<div class=\"gallery-show\"><a title=\"Po\u017eehnanie \u00farody\" href=\"http:\/\/podlavice.fara.sk\/wp\/fotogaleria\/rok-2019\/pozehnanie-urody\/\"><img loading=\"lazy\" decoding=\"async\" src=\"http:\/\/podlavice.fara.sk\/wp\/wp-content\/uploads\/PA070159-150x150.jpg\" alt=\"\" width=\"150\" height=\"150\" \/><br \/>\nPo\u017eehnanie \u00farody<br \/>\n<\/a><\/div>\n<div class=\"gallery-show\"><a title=\"Ml\u00e1de\u017e na p\u00fati v Krakove\" href=\"http:\/\/podlavice.fara.sk\/wp\/fotogaleria\/rok-2019\/mladez-na-puti-v-krakove\/\"><img loading=\"lazy\" decoding=\"async\" src=\"http:\/\/podlavice.fara.sk\/wp\/wp-content\/uploads\/DSCF387.2.1-150x150.jpg\" alt=\"\" width=\"150\" height=\"150\" \/><br \/>\nMl\u00e1de\u017e na p\u00fati v Krakove<br \/>\n<\/a><\/div>\n<div class=\"gallery-show\"><a title=\"V\u00fdlet mlad\u00fdch Michalov\u00e1\" href=\"http:\/\/podlavice.fara.sk\/wp\/fotogaleria\/rok-2019\/vylet-michalova\/\"><img loading=\"lazy\" decoding=\"async\" src=\"http:\/\/podlavice.fara.sk\/wp\/wp-content\/uploads\/P1010422-150x150.jpg\" alt=\"\" width=\"150\" height=\"150\" \/><br \/>\nV\u00fdlet mlad\u00fdch Michalov\u00e1<br \/>\n<\/a><\/div>\n<div class=\"gallery-show\"><a title=\"V\u00edkend rod\u00edn \u017delezn\u00e9\" href=\"http:\/\/podlavice.fara.sk\/wp\/fotogaleria\/rok-2019\/vikend-rodin-2019\/\"><img loading=\"lazy\" decoding=\"async\" src=\"http:\/\/podlavice.fara.sk\/wp\/wp-content\/uploads\/20190824_110908-150x150.jpg\" alt=\"\" width=\"150\" height=\"150\" \/><br \/>\nV\u00edkend rod\u00edn \u017delezn\u00e9<br \/>\n<\/a><\/div>\n<div class=\"gallery-show\"><a title=\"Sl\u00e1vnos\u0165 Bo\u017eieho Tela\" href=\"http:\/\/podlavice.fara.sk\/wp\/fotogaleria\/rok-2019\/slavnost-bozieho-tela\/\"><img loading=\"lazy\" decoding=\"async\" src=\"http:\/\/podlavice.fara.sk\/wp\/wp-content\/uploads\/IMG_20190623_084819-150x150.jpg\" alt=\"\" width=\"150\" height=\"150\" \/><br \/>\nSl\u00e1vnos\u0165 Bo\u017eieho Tela<br \/>\n<\/a><\/div>\n<div class=\"gallery-show\"><a title=\"Prv\u00e9 sv\u00e4t\u00e9 prij\u00edmanie\" href=\"http:\/\/podlavice.fara.sk\/wp\/fotogaleria\/rok-2019\/prve-svate-prijimanie-2019\/\"><img loading=\"lazy\" decoding=\"async\" src=\"http:\/\/podlavice.fara.sk\/wp\/wp-content\/uploads\/IMG_7593-150x150.jpg\" alt=\"\" width=\"150\" height=\"150\" \/><br \/>\nPrv\u00e9 sv\u00e4t\u00e9 prij\u00edmanie<\/p>\n<p><\/a><\/div>\n<div class=\"gallery-show\"><a title=\"Farsk\u00e1 p\u00fa\u0165 - Star\u00e9 Hory\" href=\"http:\/\/podlavice.fara.sk\/wp\/fotogaleria\/rok-2019\/farska-put-na-starych-horach-2019\/\"><img loading=\"lazy\" decoding=\"async\" src=\"http:\/\/podlavice.fara.sk\/wp\/wp-content\/uploads\/IMG_20190525_114449-mm-150x150.jpg\" alt=\"\" width=\"150\" height=\"150\" \/><br \/>\nFarsk\u00e1 p\u00fa\u0165 &#8211; Star\u00e9 Hory<\/p>\n<p><\/a><\/div>\n<div class=\"gallery-show\"><a title=\"Kr\u00ed\u017eov\u00e9 cesty po\u010das p\u00f4stu\" href=\"http:\/\/podlavice.fara.sk\/wp\/fotogaleria\/rok-2019\/krizove-cesty-pocas-postu-2019\/\"><img loading=\"lazy\" decoding=\"async\" src=\"http:\/\/podlavice.fara.sk\/wp\/wp-content\/uploads\/P1290940-150x150.jpg\" alt=\"\" width=\"150\" height=\"150\" \/><br \/>\nKr\u00ed\u017eov\u00e9 cesty po\u010das p\u00f4stu<\/p>\n<p><\/a><\/div>\n<div class=\"gallery-show\"><a title=\"Narodeniny pani Ondru\u0161kovej\" href=\"http:\/\/podlavice.fara.sk\/wp\/fotogaleria\/rok-2019\/narodeniny-pani-ondruskovej\/\"><img loading=\"lazy\" decoding=\"async\" src=\"http:\/\/podlavice.fara.sk\/wp\/wp-content\/uploads\/P1290983-150x150.jpg\" alt=\"\" width=\"150\" height=\"150\" \/><br \/>\nNarodeniny pani Ondru\u0161kovej<\/p>\n<p><\/a><\/div>\n<div class=\"gallery-show\"><a title=\"Popolcov\u00e1 streda\" href=\"http:\/\/podlavice.fara.sk\/wp\/fotogaleria\/rok-2019\/popolcova-streda-2019\/\"><img loading=\"lazy\" decoding=\"async\" src=\"http:\/\/podlavice.fara.sk\/wp\/wp-content\/uploads\/P1290767-150x150.jpg\" alt=\"\" width=\"150\" height=\"150\" \/><br \/>\nPopolcov\u00e1 streda<\/p>\n<p><\/a><\/div>\n<div class=\"gallery-show\"><a title=\"Karneval\" href=\"http:\/\/podlavice.fara.sk\/wp\/fotogaleria\/rok-2019\/karneval-2019\/\"><img loading=\"lazy\" decoding=\"async\" src=\"http:\/\/podlavice.fara.sk\/wp\/wp-content\/uploads\/DSCF9251-150x150.jpg\" alt=\"\" width=\"150\" height=\"150\" \/><br \/>\nKarneval<\/p>\n<p><\/a><\/div>\n<div class=\"gallery-show\"><a title=\"Ples\" href=\"http:\/\/podlavice.fara.sk\/wp\/fotogaleria\/rok-2019\/ples-2019\/\"><img loading=\"lazy\" decoding=\"async\" src=\"http:\/\/podlavice.fara.sk\/wp\/wp-content\/uploads\/received_1183492498480696-150x150.jpeg\" alt=\"\" width=\"150\" height=\"150\" \/><br \/>\nPles<\/p>\n<p><\/a><\/div>\n<div class=\"gallery-show\"><a title=\"Koncert Crea Musica\" href=\"http:\/\/podlavice.fara.sk\/wp\/fotogaleria\/rok-2019\/koncert-crea-musica\/\"><img loading=\"lazy\" decoding=\"async\" src=\"http:\/\/podlavice.fara.sk\/wp\/wp-content\/uploads\/49708664_1966205520167836_733859441002151936_n-150x150.jpg\" alt=\"\" width=\"150\" height=\"150\" \/><br \/>\nKoncert Crea Musica<\/p>\n<p><\/a><\/div>\n","protected":false},"excerpt":{"rendered":"<p>&nbsp; Po\u017eehnanie \u00farody Ml\u00e1de\u017e na p\u00fati v Krakove V\u00fdlet mlad\u00fdch Michalov\u00e1 V\u00edkend rod\u00edn \u017delezn\u00e9 Sl\u00e1vnos\u0165 Bo\u017eieho Tela Prv\u00e9 sv\u00e4t\u00e9 prij\u00edmanie Farsk\u00e1 p\u00fa\u0165 &#8211; Star\u00e9 Hory Kr\u00ed\u017eov\u00e9 cesty po\u010das p\u00f4stu Narodeniny pani Ondru\u0161kovej Popolcov\u00e1 streda Karneval Ples Koncert Crea Musica<\/p>\n","protected":false},"author":1,"featured_media":0,"parent":29,"menu_order":0,"comment_status":"closed","ping_status":"closed","template":"","meta":{"footnotes":""},"_links":{"self":[{"href":"https:\/\/podlavice.fara.sk\/wp\/wp-json\/wp\/v2\/pages\/1582"}],"collection":[{"href":"https:\/\/podlavice.fara.sk\/wp\/wp-json\/wp\/v2\/pages"}],"about":[{"href":"https:\/\/podlavice.fara.sk\/wp\/wp-json\/wp\/v2\/types\/page"}],"author":[{"embeddable":true,"href":"https:\/\/podlavice.fara.sk\/wp\/wp-json\/wp\/v2\/users\/1"}],"replies":[{"embeddable":true,"href":"https:\/\/podlavice.fara.sk\/wp\/wp-json\/wp\/v2\/comments?post=1582"}],"version-history":[{"count":16,"href":"https:\/\/podlavice.fara.sk\/wp\/wp-json\/wp\/v2\/pages\/1582\/revisions"}],"predecessor-version":[{"id":2119,"href":"https:\/\/podlavice.fara.sk\/wp\/wp-json\/wp\/v2\/pages\/1582\/revisions\/2119"}],"up":[{"embeddable":true,"href":"https:\/\/podlavice.fara.sk\/wp\/wp-json\/wp\/v2\/pages\/29"}],"wp:attachment":[{"href":"https:\/\/podlavice.fara.sk\/wp\/wp-json\/wp\/v2\/media?parent=1582"}],"curies":[{"name":"wp","href":"https:\/\/api.w.org\/{rel}","templated":true}]}}